{"id":165,"date":"2026-02-28T20:18:29","date_gmt":"2026-02-28T20:18:29","guid":{"rendered":"https:\/\/www.pjsmconsulting.com\/?page_id=165"},"modified":"2026-02-28T20:18:30","modified_gmt":"2026-02-28T20:18:30","slug":"politica-de-privacidade","status":"publish","type":"page","link":"https:\/\/www.pjsmconsulting.com\/index.php\/politica-de-privacidade\/","title":{"rendered":"Pol\u00edtica de Privacidade"},"content":{"rendered":"\n<h3 class=\"wp-block-heading\"><strong>Pol\u00edtica de Privacidade<\/strong><\/h3>\n\n\n\n<p>O propriet\u00e1rio deste s\u00edtio de Internet tem em vigor uma Pol\u00edtica de Privacidade que garante um compromisso de seguran\u00e7a para com todos os utilizadores deste s\u00edtio de Internet e relativamente ao tratamento dos respectivos dados pessoais. Todos os dados recolhidos s\u00e3o submetidos de forma volunt\u00e1ria e objectiva pelos utilizadores, n\u00e3o sendo integrados atrav\u00e9s de processos autom\u00e1ticos. As informa\u00e7\u00f5es recolhidas neste s\u00edtio de Internet n\u00e3o ser\u00e3o, em caso algum, disponibilizadas a terceiros nem usadas para quaisquer outros fins que n\u00e3o aqueles que s\u00e3o descritos no momento da sua introdu\u00e7\u00e3o. Todos os utilizadores t\u00eam o direito de suspender os servi\u00e7os subscritos por correio electr\u00f3nico, o que origina a elimina\u00e7\u00e3o dos respectivos dados da nossa base de dados. Em caso de d\u00favida ou de necessidade de informa\u00e7\u00e3o complementar, por favor contacte-nos directamente pelos meios indicados na p\u00e1gina <a href=\"https:\/\/www.pjsmconsulting.com\/#contact\">Contactos<\/a>.<\/p>\n\n\n\n<p>Na <strong><em>PJSM Consulting <\/em><\/strong>protegemos e respeitamos a sua privacidade. Esta pol\u00edtica de privacidade estabelece quais os dados pessoais que processamos, entre os dados que recolhemos ou que nos s\u00e3o fornecidos por si. Agradecemos que utilize este documento como guia para conhecer as nossas pr\u00e1ticas relativas aos seus dados pessoais.<\/p>\n\n\n\n<p>Os seus dados pessoais ser\u00e3o usados de acordo com o contrato impl\u00edcito celebrado entre si e a nossa empresa de forma a podermos fornecer-lhe servi\u00e7os m\u00e9dico-veterin\u00e1rios, assim como outros servi\u00e7os na \u00e1rea da sa\u00fade, est\u00e9tica ou comportamento animal. Sempre que os dados forem usados para outros fins que n\u00e3o os legalmente obrigat\u00f3rios para prestar os nossos servi\u00e7os, pediremos o seu consentimento expresso para essa utiliza\u00e7\u00e3o. Essa utiliza\u00e7\u00e3o dos seus dados enquadra-se no princ\u00edpio inscrito na sec\u00e7\u00e3o 3, artigo 6\u00ba do Regulamento Geral de Protec\u00e7\u00e3o de Dados.<\/p>\n\n\n\n<p><strong>Que informa\u00e7\u00e3o recolhemos e porqu\u00ea?<\/strong><\/p>\n\n\n\n<p>Quando efectuar um contacto com qualquer colaborador da nossa empresa ou atrav\u00e9s do nosso s\u00edtio de Internet, atrav\u00e9s de uma chamada telef\u00f3nica, preenchendo um formul\u00e1rio no nosso s\u00edtio de Internet ou quando marcar uma reuni\u00e3o connosco atrav\u00e9s de qualquer meio de mensagem directa, solicitar\u2011lhe\u2011emos o seu Nome, Contacto Telef\u00f3nico, Endere\u00e7o e N\u00famero de Identifica\u00e7\u00e3o Fiscal e, se aplic\u00e1vel, detalhes de pagamento.<\/p>\n\n\n\n<p>Estes dados s\u00e3o recolhidos para os seguintes fins:<\/p>\n\n\n\n<ul class=\"wp-block-list\">\n<li>Registar os seus dados como novo cliente e actualiz\u00e1-los a cada visita, ou sempre que se justifique<\/li>\n\n\n\n<li>Registar os seus produtos ou servi\u00e7os no nosso sistema<\/li>\n\n\n\n<li>Fazer marca\u00e7\u00f5es de assist\u00eancia, instala\u00e7\u00e3o ou outros servi\u00e7os<\/li>\n\n\n\n<li>Processar os seus pagamentos, facturar e cobrar os nossos servi\u00e7os ou produtos<\/li>\n\n\n\n<li>Contact\u00e1-lo(a) para prestar-lhe informa\u00e7\u00f5es sobre os seus produtos ou agendamentos<\/li>\n\n\n\n<li>Comunicar altera\u00e7\u00f5es nos termos dos nossos servi\u00e7os<\/li>\n<\/ul>\n\n\n\n<p>Pediremos o seu consentimento expresso para utiliza\u00e7\u00e3o dos seus dados pessoais para outros fins, nomeadamente:<\/p>\n\n\n\n<ul class=\"wp-block-list\">\n<li>(indicar quaisquer fins poss\u00edveis, ainda n\u00e3o referidos). Os dados pessoais nunca ser\u00e3o a terceiros, mesmo que sejam expressamente conservados por mais de dez anos, servindo exclusivamente para efeitos de estat\u00edstica ou registo. Se j\u00e1 for nosso cliente na data em que entra em vigor esta pol\u00edtica de privacidade com o consentimento expresso para estes fins, o seu novo consentimento expresso ser\u00e1 recolhido no seu pr\u00f3ximo contacto com a <em><strong>PJSM Consulting<\/strong><\/em>.<\/li>\n<\/ul>\n\n\n\n<p><strong>Dados de menores<\/strong><\/p>\n\n\n\n<p>Este s\u00edtio de Internet, bem como a actividade da <em><strong>PJSM Consulting<\/strong><\/em> n\u00e3o s\u00e3o dirigidos a menores de idade, pelo que solicitamos que o fornecimento de dados nos seja apenas efectuado por pessoas maiores de idade ou empresas\/agentes devidamente autorizados.<\/p>\n\n\n\n<p><strong>Dados sens\u00edveis<\/strong><\/p>\n\n\n\n<p>Solicitamos de forma expressa, que n\u00e3o nos envie e n\u00e3o nos d\u00ea a conhecer quaisquer dados pessoais sens\u00edveis, ou seja, informa\u00e7\u00f5es que revelem a origem racial ou \u00e9tnica, opini\u00f5es pol\u00edticas, cren\u00e7as religiosas ou filos\u00f3ficas, associa\u00e7\u00e3o sindical, informa\u00e7\u00f5es gen\u00e9ticas, informa\u00e7\u00f5es biom\u00e9tricas, dados relativos \u00e0 sa\u00fade ou dados relativos \u00e0 vida sexual de uma pessoa natural ou \u00e0 orienta\u00e7\u00e3o sexual. Esses dados pessoais ser\u00e3o imediatamente apagados.<\/p>\n\n\n\n<p><strong>Com quem podemos partilhar os seus dados<\/strong><br>\u2022 (indicar eventuais terceiros \u00e0 empresa)<\/p>\n\n\n\n<p>Poderemos, para determinados fins, subcontratar servi\u00e7os de processamento de dados, tais como o envio de SMS, gest\u00e3o de redes sociais ou de comunica\u00e7\u00e3o digital. O direito de utiliza\u00e7\u00e3o dos seus dados pessoais n\u00e3o ser\u00e1 fornecido a qualquer empresa subcontratada para esses fins, sendo a presta\u00e7\u00e3o de servi\u00e7os em quest\u00e3o definida sempre por contrato celebrado entre a <strong><em><em><strong>PJSM Consulting<\/strong><\/em> <\/em><\/strong>e o seu fornecedor, para que sejam sempre cumpridos os crit\u00e9rios definidos no Regulamento Geral de Protec\u00e7\u00e3o de Dados.<\/p>\n\n\n\n<p><strong>Como protegemos a sua informa\u00e7\u00e3o<\/strong><\/p>\n\n\n\n<p>Os dados pessoais que nos fornecer ser\u00e3o guardados na base de dados da aplica\u00e7\u00e3o de CMS (Content Management System) utilizada para gest\u00e3o do nosso site, com manuten\u00e7\u00e3o pelo nosso fornecedor de servi\u00e7os de Internet <a href=\"https:\/\/www.ovhcloud.com\/pt\/\" data-type=\"link\" data-id=\"https:\/\/www.ovhcloud.com\/pt\/\">OHV Cloud<\/a><strong><em>:<\/em><\/strong><\/p>\n\n\n\n<p>SAS com capital de 50 000 000\u20ac<\/p>\n\n\n\n<p>RCS Lille M\u00e9tropole 424 761 419 00045<br>C\u00f3digo APE 2620Z<br>NIF: FR 22 424 761 419<br>Sede social: 2 rue Kellermann &#8211; 59100 Roubaix &#8211; Fran\u00e7a, sendo guardados no servidor de dados contratado para o efeito, salvo notas em contr\u00e1rio, descritas explicitamente nesta pol\u00edtica de privacidade. S\u00e3o realizadas c\u00f3pias de seguran\u00e7a regulares, no \u00e2mbito das condi\u00e7\u00f5es contratualizadas.<\/p>\n\n\n\n<p>Dispomos de uma firewall activa nos nossos sistemas inform\u00e1ticos e temos uma aplica\u00e7\u00e3o antiv\u00edrus activa e actualizada automaticamente, de forma a garantirmos que, no caso de ocorrer qualquer falha de seguran\u00e7a nesse sistema, poderemos detect\u00e1-la e resolv\u00ea-la o mais rapidamente poss\u00edvel.<\/p>\n\n\n\n<p>Esfor\u00e7amo-nos tamb\u00e9m por manter os seus dados o mais actualizados poss\u00edvel. Para o efeito, solicitaremos que nos confirme os seus dados em cada contacto com a <strong><em><strong><em><em><strong>PJSM Consulting<\/strong><\/em><\/em><\/strong><\/em><\/strong>. De igual forma, pedimos-lhe que nos informe se, no per\u00edodo que tenha decorrido desde o \u00faltimo contacto, ocorrer alguma altera\u00e7\u00e3o relevante nesses mesmos dados.<\/p>\n\n\n\n<p><strong>Durante quanto tempo armazenamos os seus dados<\/strong><\/p>\n\n\n\n<p>Os seus dados pessoais ser\u00e3o guardados durante 10 anos ap\u00f3s a sua \u00faltima intera\u00e7\u00e3o comercial ou de outro tipo com a nossa empresa ou colaboradores. A qualquer momento, poder\u00e1 solicitar que os seus dados sejam eliminados, sendo que o faremos de forma segura e confidencial, conquanto n\u00e3o exista qualquer motivo legal para que sejam mantidos.<\/p>\n\n\n\n<p><strong>Direitos<\/strong><\/p>\n\n\n\n<p>Tem o direito de aceder a qualquer momento a todos os dados pessoais que nos facultou, assim como a todos os registos gerados com base nesses dados. Caso pretenda aceder a esses dados e solicitar a sua portabilidade dever\u00e1 enviar-nos um pedido por escrito para geral@pjsmconsulting.com. Responderemos a essa solicita\u00e7\u00e3o dentro de um prazo de 30 dias ap\u00f3s a recep\u00e7\u00e3o da mesma. Tem o direito de retirar qualquer consentimento de utiliza\u00e7\u00e3o dos seus dados pessoais e de pedir para os seus dados pessoais serem eliminados da nossa base de dados. Para tal, basta enviar uma mensagem de correio electr\u00f3nico para geral@pjsmconsulting.com ou uma mensagem de SMS para (+351) 937881062, descrevendo os fins para os quais deseja deixar de ser contactado, ou a solicitar a elimina\u00e7\u00e3o dos seus dados (caso seja um pedido de elimina\u00e7\u00e3o de dados temos um prazo de 30 dias para responder a esse pedido, sendo que procederemos \u00e0 elimina\u00e7\u00e3o desde que esta n\u00e3o entre em conflito com nenhum motivo legal que tenhamos para processar esses dados).<\/p>\n\n\n\n<p><strong><em>Altera\u00e7\u00f5es \u00e0 Pol\u00edtica de Privacidade<\/em><\/strong><\/p>\n\n\n\n<p>Quaisquer altera\u00e7\u00f5es futuras a esta pol\u00edtica de privacidade \/ aplica\u00e7\u00e3o do RGPD ser\u00e3o comunicadas no s\u00edtio de Internet <a href=\"https:\/\/www.referenciaveterinaria.pt\/\">www.pjsmconsulting.com<\/a> e, caso se trate de altera\u00e7\u00f5es relevantes, ser\u00e3o comunicadas por correio electr\u00f3nico. Se desejar enviar-nos alguma d\u00favida, contacte-nos atrav\u00e9s do endere\u00e7o de correio electr\u00f3nico geral@pjsmconsulting.com ou pelo telefone (+351) 937881062.<\/p>\n\n\n\n<p>\u00daltima actualiza\u00e7\u00e3o: 28 de fevereiro de 2026<\/p>\n","protected":false},"excerpt":{"rendered":"<p>Pol\u00edtica de Privacidade O propriet\u00e1rio deste s\u00edtio de Internet tem em vigor uma Pol\u00edtica de Privacidade que garante um compromisso de seguran\u00e7a para com todos os utilizadores deste s\u00edtio de Internet e relativamente ao tratamento dos respectivos dados pessoais. Todos os dados recolhidos s\u00e3o submetidos de forma volunt\u00e1ria e objectiva [&hellip;]<\/p>\n","protected":false},"author":2,"featured_media":0,"parent":0,"menu_order":0,"comment_status":"closed","ping_status":"closed","template":"","meta":{"_themeisle_gutenberg_block_has_review":false,"footnotes":""},"class_list":["post-165","page","type-page","status-publish","hentry"],"_links":{"self":[{"href":"https:\/\/www.pjsmconsulting.com\/index.php\/wp-json\/wp\/v2\/pages\/165","targetHints":{"allow":["GET"]}}],"collection":[{"href":"https:\/\/www.pjsmconsulting.com\/index.php\/wp-json\/wp\/v2\/pages"}],"about":[{"href":"https:\/\/www.pjsmconsulting.com\/index.php\/wp-json\/wp\/v2\/types\/page"}],"author":[{"embeddable":true,"href":"https:\/\/www.pjsmconsulting.com\/index.php\/wp-json\/wp\/v2\/users\/2"}],"replies":[{"embeddable":true,"href":"https:\/\/www.pjsmconsulting.com\/index.php\/wp-json\/wp\/v2\/comments?post=165"}],"version-history":[{"count":1,"href":"https:\/\/www.pjsmconsulting.com\/index.php\/wp-json\/wp\/v2\/pages\/165\/revisions"}],"predecessor-version":[{"id":166,"href":"https:\/\/www.pjsmconsulting.com\/index.php\/wp-json\/wp\/v2\/pages\/165\/revisions\/166"}],"wp:attachment":[{"href":"https:\/\/www.pjsmconsulting.com\/index.php\/wp-json\/wp\/v2\/media?parent=165"}],"curies":[{"name":"wp","href":"https:\/\/api.w.org\/{rel}","templated":true}]}}